{"id":701,"date":"2023-09-10T17:25:28","date_gmt":"2023-09-10T15:25:28","guid":{"rendered":"https:\/\/whistleblowing-form.de\/impronta\/"},"modified":"2024-04-22T21:47:11","modified_gmt":"2024-04-22T19:47:11","slug":"impronta","status":"publish","type":"page","link":"https:\/\/whistleblowing-form.de\/it\/impronta\/","title":{"rendered":"Impronta"},"content":{"rendered":"<div class=\"wpb-content-wrapper\"><p>[vc_row type=&#8221;in_container&#8221; full_screen_row_position=&#8221;middle&#8221; column_margin=&#8221;default&#8221; column_direction=&#8221;default&#8221; column_direction_tablet=&#8221;default&#8221; column_direction_phone=&#8221;default&#8221; scene_position=&#8221;center&#8221; text_color=&#8221;dark&#8221; text_align=&#8221;left&#8221; row_border_radius=&#8221;none&#8221; row_border_radius_applies=&#8221;bg&#8221; overlay_strength=&#8221;0.3&#8243; gradient_direction=&#8221;left_to_right&#8221; shape_divider_position=&#8221;bottom&#8221; bg_image_animation=&#8221;none&#8221;][vc_column column_padding=&#8221;no-extra-padding&#8221; column_padding_tablet=&#8221;inherit&#8221; column_padding_phone=&#8221;inherit&#8221; column_padding_position=&#8221;all&#8221; background_color_opacity=&#8221;1&#8243; background_hover_color_opacity=&#8221;1&#8243; column_shadow=&#8221;none&#8221; column_border_radius=&#8221;none&#8221; column_link_target=&#8221;_self&#8221; gradient_direction=&#8221;left_to_right&#8221; overlay_strength=&#8221;0.3&#8243; tablet_width_inherit=&#8221;default&#8221; tablet_text_alignment=&#8221;default&#8221; phone_text_alignment=&#8221;default&#8221; column_border_width=&#8221;none&#8221; column_border_style=&#8221;solid&#8221; bg_image_animation=&#8221;none&#8221;][vc_empty_space height=&#8221;52px&#8221;][vc_column_text]<\/p>\n<h2>IMPRONTA<\/h2>\n<p>[\/vc_column_text][vc_column_text css=&#8221;.vc_custom_1711575360408{margin-bottom: 20px !important;}&#8221;]<\/p>\n<h3>Responsabile del contenuto:<\/h3>\n<p>Modulo per le denunce<\/p>\n<p>E-mail: support@whistleblowing-form.de<\/p>\n<p>Codice fiscale: 147\/179\/30798<br \/>\nNumero di identificazione dell&#8217;imposta sulle vendite secondo il \u00a727a della legge sull&#8217;imposta sulle vendite<\/p>\n<p>Autorit\u00e0 di vigilanza: KVR Munich Ruppertstra\u00dfe 19 \u2e31 80466 Munich[\/vc_column_text][vc_column_text]<strong>L&#8217;IVA non \u00e8 indicata a causa dell&#8217;applicazione della normativa sulle piccole imprese ai sensi del Codice Commerciale tedesco. \u00a7 19 UStG.<\/strong>[\/vc_column_text][vc_column_text]<\/p>\n<h2>DISCLAIMER<\/h2>\n<p>[\/vc_column_text][vc_column_text]<strong>Responsabilit\u00e0 per i contenuti<\/strong><\/p>\n<p>In qualit\u00e0 di fornitore di servizi, siamo obbligati, ai sensi del \u00a7 7 comma 1 TMG \u00e8 responsabile dei propri contenuti su queste pagine in base alle leggi generali. Ai sensi dei \u00a7\u00a7 8-10 TMG, tuttavia, in qualit\u00e0 di fornitore di servizi non siamo obbligati a monitorare le informazioni trasmesse o memorizzate da terzi o a indagare su circostanze che indicano un&#8217;attivit\u00e0 illegale. Gli obblighi di rimuovere o bloccare l&#8217;uso delle informazioni in conformit\u00e0 alla legislazione generale rimangono inalterati. Tuttavia, la responsabilit\u00e0 in questo senso \u00e8 possibile solo a partire dal momento in cui si viene a conoscenza di una specifica violazione. Non appena verremo a conoscenza di tali violazioni, rimuoveremo immediatamente i contenuti.<\/p>\n<p><strong>Responsabilit\u00e0 per i link<\/strong><\/p>\n<p>Il nostro sito web contiene link a siti web esterni di terzi sui cui contenuti non abbiamo alcuna influenza. Pertanto, non possiamo accettare alcuna responsabilit\u00e0 per questi contenuti di terzi. Il rispettivo fornitore o gestore delle pagine \u00e8 sempre responsabile del contenuto delle pagine collegate. Le pagine collegate sono state controllate per verificare eventuali violazioni legali al momento del collegamento. I contenuti illegali non erano riconoscibili al momento del collegamento. Tuttavia, il monitoraggio permanente del contenuto delle pagine collegate non \u00e8 ragionevole senza prove concrete di una violazione. Se veniamo a conoscenza di eventuali violazioni legali, rimuoveremo immediatamente tali link.<\/p>\n<p><strong>Copyright<\/strong><\/p>\n<p>I contenuti e le opere create dagli operatori del sito su queste pagine sono soggetti alla legge tedesca sul copyright. La riproduzione, la modifica, la distribuzione e qualsiasi tipo di utilizzo al di fuori dei limiti della legge sul copyright richiedono il consenso scritto del rispettivo autore o creatore. I download e le copie di questo sito sono consentiti solo per uso privato e non commerciale. Nella misura in cui i contenuti di questo sito non sono stati creati dall&#8217;operatore, si rispettano i diritti d&#8217;autore di terzi. In particolare, i contenuti di terze parti sono etichettati come tali. Se tuttavia dovessi venire a conoscenza di una violazione del copyright, ti preghiamo di informarci di conseguenza. Se veniamo a conoscenza di eventuali violazioni legali, rimuoveremo immediatamente tali contenuti.[\/vc_column_text][vc_empty_space height=&#8221;45px&#8221;][\/vc_column][\/vc_row][vc_row disable_element=&#8221;yes&#8221; type=&#8221;in_container&#8221; full_screen_row_position=&#8221;middle&#8221; column_margin=&#8221;default&#8221; column_direction=&#8221;default&#8221; column_direction_tablet=&#8221;default&#8221; column_direction_phone=&#8221;default&#8221; scene_position=&#8221;center&#8221; text_color=&#8221;dark&#8221; text_align=&#8221;left&#8221; row_border_radius=&#8221;none&#8221; row_border_radius_applies=&#8221;bg&#8221; overlay_strength=&#8221;0.3&#8243; gradient_direction=&#8221;left_to_right&#8221; shape_divider_position=&#8221;bottom&#8221; bg_image_animation=&#8221;none&#8221;][vc_column column_padding=&#8221;no-extra-padding&#8221; column_padding_tablet=&#8221;inherit&#8221; column_padding_phone=&#8221;inherit&#8221; column_padding_position=&#8221;all&#8221; background_color_opacity=&#8221;1&#8243; background_hover_color_opacity=&#8221;1&#8243; column_shadow=&#8221;none&#8221; column_border_radius=&#8221;none&#8221; column_link_target=&#8221;_self&#8221; gradient_direction=&#8221;left_to_right&#8221; overlay_strength=&#8221;0.3&#8243; tablet_width_inherit=&#8221;default&#8221; tablet_text_alignment=&#8221;default&#8221; phone_text_alignment=&#8221;default&#8221; column_border_width=&#8221;none&#8221; column_border_style=&#8221;solid&#8221; bg_image_animation=&#8221;none&#8221;][vc_column_text]<strong>CREDITI FOTOGRAFICI:<\/strong><\/p>\n<p>\u00a9NicoElNino | <a href=\"https:\/\/www.shutterstock.com\/de\/image-photo\/businessman-analyzing-business-analytics-ba-intelligence-758444896\" target=\"_blank\" rel=\"noopener noreferrer\">Shutterstock.com<\/a><br \/>\n\u00a9Bacho | <a href=\"https:\/\/www.shutterstock.com\/de\/image-photo\/businessman-pressing-phone-button-company-identification-263211977\" target=\"_blank\" rel=\"noopener noreferrer\">Shutterstock.com<\/a><br \/>\n\u00a9PureSolution | <a href=\"https:\/\/www.shutterstock.com\/de\/image-illustration\/web-design-concept-122664079\" target=\"_blank\" rel=\"noopener noreferrer\">Shutterstock.com<\/a><br \/>\n\u00a9REDPIXEL.PL | <a href=\"https:\/\/www.shutterstock.com\/de\/image-photo\/hand-presses-on-screen-digital-tablet-220078606\" target=\"_blank\" rel=\"noopener noreferrer\">Shutterstock.com<\/a><br \/>\n\u00a9Monkey Business Images | <a href=\"https:\/\/www.shutterstock.com\/de\/image-photo\/businesswoman-leads-meeting-around-table-shot-633365168\" target=\"_blank\" rel=\"noopener noreferrer\">Shutterstock.com<\/a><br \/>\n\u00a9tutto possibile | <a href=\"https:\/\/www.shutterstock.com\/de\/image-photo\/website-designer-working-digital-tablet-smart-387217558\" target=\"_blank\" rel=\"noopener noreferrer\">Shutterstock.com<\/a><br \/>\n\u00a9Free-Photos | <a href=\"https:\/\/pixabay.com\/de\/photos\/computer-zubeh%C3%B6r-monitor-anzeige-336628\/\" target=\"_blank\" rel=\"noopener noreferrer\">pixabay.com<\/a><br \/>\n\u00a9rgaymon | <a href=\"https:\/\/pixabay.com\/de\/photos\/computer-cyber-untersuchung-3028682\/\" target=\"_blank\" rel=\"noopener noreferrer\">pixabay.com<\/a><br \/>\n\u00a9yeiferr | <a href=\"https:\/\/pixabay.com\/de\/photos\/computer-laptop-tech-blau-computer-4795762\/\" target=\"_blank\" rel=\"noopener noreferrer\">pixabay.com<\/a>[\/vc_column_text][\/vc_column][\/vc_row]<\/p>\n<\/div>","protected":false},"excerpt":{"rendered":"<p>[vc_row type=&#8221;in_container&#8221; full_screen_row_position=&#8221;middle&#8221; column_margin=&#8221;default&#8221; column_direction=&#8221;default&#8221; column_direction_tablet=&#8221;default&#8221; column_direction_phone=&#8221;default&#8221; scene_position=&#8221;center&#8221; text_color=&#8221;dark&#8221; text_align=&#8221;left&#8221; row_border_radius=&#8221;none&#8221; row_border_radius_applies=&#8221;bg&#8221; overlay_strength=&#8221;0.3&#8243; gradient_direction=&#8221;left_to_right&#8221; shape_divider_position=&#8221;bottom&#8221; bg_image_animation=&#8221;none&#8221;][vc_column column_padding=&#8221;no-extra-padding&#8221; column_padding_tablet=&#8221;inherit&#8221; column_padding_phone=&#8221;inherit&#8221; column_padding_position=&#8221;all&#8221; background_color_opacity=&#8221;1&#8243; background_hover_color_opacity=&#8221;1&#8243; column_shadow=&#8221;none&#8221; column_border_radius=&#8221;none&#8221; column_link_target=&#8221;_self&#8221; gradient_direction=&#8221;left_to_right&#8221; overlay_strength=&#8221;0.3&#8243; tablet_width_inherit=&#8221;default&#8221; tablet_text_alignment=&#8221;default&#8221; phone_text_alignment=&#8221;default&#8221; column_border_width=&#8221;none&#8221; column_border_style=&#8221;solid&#8221; bg_image_animation=&#8221;none&#8221;][vc_empty_space height=&#8221;52px&#8221;][vc_column_text] IMPRONTA [\/vc_column_text][vc_column_text css=&#8221;.vc_custom_1711575360408{margin-bottom: 20px !important;}&#8221;] Responsabile del contenuto: Modulo per le denunce E-mail: support@whistleblowing-form.de Codice fiscale: 147\/179\/30798 Numero di identificazione dell&#8217;imposta [&hellip;]<\/p>\n","protected":false},"author":1,"featured_media":0,"parent":0,"menu_order":0,"comment_status":"closed","ping_status":"open","template":"","meta":{"footnotes":""},"class_list":["post-701","page","type-page","status-publish","hentry"],"yoast_head":"<!-- This site is optimized with the Yoast SEO plugin v27.3 - https:\/\/yoast.com\/product\/yoast-seo-wordpress\/ -->\n<title>Imprint | Sistema di Whistleblowing | Sistema di protezione degli informatori<\/title>\n<meta name=\"description\" content=\"Impronta. Soluzione di protezione dei suggerimenti con password generata in modo casuale per un login personalizzato. Messaggi semplici, riservati e anonimi\" \/>\n<meta name=\"robots\" content=\"index, follow, max-snippet:-1, max-image-preview:large, max-video-preview:-1\" \/>\n<link rel=\"canonical\" href=\"https:\/\/whistleblowing-form.de\/it\/impronta\/\" \/>\n<meta property=\"og:locale\" content=\"it_IT\" \/>\n<meta property=\"og:type\" content=\"article\" \/>\n<meta property=\"og:title\" content=\"Imprint | Sistema di Whistleblowing | Sistema di protezione degli informatori\" \/>\n<meta property=\"og:description\" content=\"Impronta. Soluzione di protezione dei suggerimenti con password generata in modo casuale per un login personalizzato. Messaggi semplici, riservati e anonimi\" \/>\n<meta property=\"og:url\" content=\"https:\/\/whistleblowing-form.de\/it\/impronta\/\" \/>\n<meta property=\"og:site_name\" content=\"Whistleblowing System\" \/>\n<meta property=\"article:modified_time\" content=\"2024-04-22T19:47:11+00:00\" \/>\n<meta name=\"twitter:card\" content=\"summary_large_image\" \/>\n<meta name=\"twitter:label1\" content=\"Tempo di lettura stimato\" \/>\n\t<meta name=\"twitter:data1\" content=\"4 minuti\" \/>\n<script type=\"application\/ld+json\" class=\"yoast-schema-graph\">{\"@context\":\"https:\\\/\\\/schema.org\",\"@graph\":[{\"@type\":\"WebPage\",\"@id\":\"https:\\\/\\\/whistleblowing-form.de\\\/it\\\/impronta\\\/\",\"url\":\"https:\\\/\\\/whistleblowing-form.de\\\/it\\\/impronta\\\/\",\"name\":\"Imprint | Sistema di Whistleblowing | Sistema di protezione degli informatori\",\"isPartOf\":{\"@id\":\"https:\\\/\\\/whistleblowing-form.de\\\/it\\\/#website\"},\"datePublished\":\"2023-09-10T15:25:28+00:00\",\"dateModified\":\"2024-04-22T19:47:11+00:00\",\"description\":\"Impronta. Soluzione di protezione dei suggerimenti con password generata in modo casuale per un login personalizzato. Messaggi semplici, riservati e anonimi\",\"breadcrumb\":{\"@id\":\"https:\\\/\\\/whistleblowing-form.de\\\/it\\\/impronta\\\/#breadcrumb\"},\"inLanguage\":\"it-IT\",\"potentialAction\":[{\"@type\":\"ReadAction\",\"target\":[\"https:\\\/\\\/whistleblowing-form.de\\\/it\\\/impronta\\\/\"]}]},{\"@type\":\"BreadcrumbList\",\"@id\":\"https:\\\/\\\/whistleblowing-form.de\\\/it\\\/impronta\\\/#breadcrumb\",\"itemListElement\":[{\"@type\":\"ListItem\",\"position\":1,\"name\":\"Startseite\",\"item\":\"https:\\\/\\\/whistleblowing-form.de\\\/it\\\/\"},{\"@type\":\"ListItem\",\"position\":2,\"name\":\"Impronta\"}]},{\"@type\":\"WebSite\",\"@id\":\"https:\\\/\\\/whistleblowing-form.de\\\/it\\\/#website\",\"url\":\"https:\\\/\\\/whistleblowing-form.de\\\/it\\\/\",\"name\":\"Whistleblowing System\",\"description\":\"Hinweisgeberschutz System mit zuf\u00e4llig generiertem Passwort f\u00fcr personalisiertes Login\",\"potentialAction\":[{\"@type\":\"SearchAction\",\"target\":{\"@type\":\"EntryPoint\",\"urlTemplate\":\"https:\\\/\\\/whistleblowing-form.de\\\/it\\\/?s={search_term_string}\"},\"query-input\":{\"@type\":\"PropertyValueSpecification\",\"valueRequired\":true,\"valueName\":\"search_term_string\"}}],\"inLanguage\":\"it-IT\"}]}<\/script>\n<!-- \/ Yoast SEO plugin. -->","yoast_head_json":{"title":"Imprint | Sistema di Whistleblowing | Sistema di protezione degli informatori","description":"Impronta. Soluzione di protezione dei suggerimenti con password generata in modo casuale per un login personalizzato. Messaggi semplici, riservati e anonimi","robots":{"index":"index","follow":"follow","max-snippet":"max-snippet:-1","max-image-preview":"max-image-preview:large","max-video-preview":"max-video-preview:-1"},"canonical":"https:\/\/whistleblowing-form.de\/it\/impronta\/","og_locale":"it_IT","og_type":"article","og_title":"Imprint | Sistema di Whistleblowing | Sistema di protezione degli informatori","og_description":"Impronta. Soluzione di protezione dei suggerimenti con password generata in modo casuale per un login personalizzato. Messaggi semplici, riservati e anonimi","og_url":"https:\/\/whistleblowing-form.de\/it\/impronta\/","og_site_name":"Whistleblowing System","article_modified_time":"2024-04-22T19:47:11+00:00","twitter_card":"summary_large_image","twitter_misc":{"Tempo di lettura stimato":"4 minuti"},"schema":{"@context":"https:\/\/schema.org","@graph":[{"@type":"WebPage","@id":"https:\/\/whistleblowing-form.de\/it\/impronta\/","url":"https:\/\/whistleblowing-form.de\/it\/impronta\/","name":"Imprint | Sistema di Whistleblowing | Sistema di protezione degli informatori","isPartOf":{"@id":"https:\/\/whistleblowing-form.de\/it\/#website"},"datePublished":"2023-09-10T15:25:28+00:00","dateModified":"2024-04-22T19:47:11+00:00","description":"Impronta. Soluzione di protezione dei suggerimenti con password generata in modo casuale per un login personalizzato. Messaggi semplici, riservati e anonimi","breadcrumb":{"@id":"https:\/\/whistleblowing-form.de\/it\/impronta\/#breadcrumb"},"inLanguage":"it-IT","potentialAction":[{"@type":"ReadAction","target":["https:\/\/whistleblowing-form.de\/it\/impronta\/"]}]},{"@type":"BreadcrumbList","@id":"https:\/\/whistleblowing-form.de\/it\/impronta\/#breadcrumb","itemListElement":[{"@type":"ListItem","position":1,"name":"Startseite","item":"https:\/\/whistleblowing-form.de\/it\/"},{"@type":"ListItem","position":2,"name":"Impronta"}]},{"@type":"WebSite","@id":"https:\/\/whistleblowing-form.de\/it\/#website","url":"https:\/\/whistleblowing-form.de\/it\/","name":"Whistleblowing System","description":"Hinweisgeberschutz System mit zuf\u00e4llig generiertem Passwort f\u00fcr personalisiertes Login","potentialAction":[{"@type":"SearchAction","target":{"@type":"EntryPoint","urlTemplate":"https:\/\/whistleblowing-form.de\/it\/?s={search_term_string}"},"query-input":{"@type":"PropertyValueSpecification","valueRequired":true,"valueName":"search_term_string"}}],"inLanguage":"it-IT"}]}},"_links":{"self":[{"href":"https:\/\/whistleblowing-form.de\/it\/wp-json\/wp\/v2\/pages\/701","targetHints":{"allow":["GET"]}}],"collection":[{"href":"https:\/\/whistleblowing-form.de\/it\/wp-json\/wp\/v2\/pages"}],"about":[{"href":"https:\/\/whistleblowing-form.de\/it\/wp-json\/wp\/v2\/types\/page"}],"author":[{"embeddable":true,"href":"https:\/\/whistleblowing-form.de\/it\/wp-json\/wp\/v2\/users\/1"}],"replies":[{"embeddable":true,"href":"https:\/\/whistleblowing-form.de\/it\/wp-json\/wp\/v2\/comments?post=701"}],"version-history":[{"count":5,"href":"https:\/\/whistleblowing-form.de\/it\/wp-json\/wp\/v2\/pages\/701\/revisions"}],"predecessor-version":[{"id":706,"href":"https:\/\/whistleblowing-form.de\/it\/wp-json\/wp\/v2\/pages\/701\/revisions\/706"}],"wp:attachment":[{"href":"https:\/\/whistleblowing-form.de\/it\/wp-json\/wp\/v2\/media?parent=701"}],"curies":[{"name":"wp","href":"https:\/\/api.w.org\/{rel}","templated":true}]}}